{"id":143,"date":"2022-12-15T22:19:22","date_gmt":"2022-12-15T21:19:22","guid":{"rendered":"https:\/\/eurocem.rs\/?page_id=143"},"modified":"2023-02-10T14:03:20","modified_gmt":"2023-02-10T13:03:20","slug":"o-nama","status":"publish","type":"page","link":"https:\/\/eurocem.rs\/en\/o-nama\/","title":{"rendered":"EUROCEM ABOUT US"},"content":{"rendered":"<div data-elementor-type=\"wp-page\" data-elementor-id=\"143\" class=\"elementor elementor-143\">\n\t\t\t\t\t\t<section class=\"elementor-section elementor-top-section elementor-element elementor-element-a83eaa0 elementor-section-boxed elementor-section-height-default elementor-section-height-default\" data-id=\"a83eaa0\" data-element_type=\"section\" data-e-type=\"section\">\n\t\t\t\t\t\t<div class=\"elementor-container elementor-column-gap-default\">\n\t\t\t\t\t<div class=\"elementor-column elementor-col-100 elementor-top-column elementor-element elementor-element-0e4c70d\" data-id=\"0e4c70d\" data-element_type=\"column\" data-e-type=\"column\">\n\t\t\t<div class=\"elementor-widget-wrap elementor-element-populated\">\n\t\t\t\t\t\t<div class=\"elementor-element elementor-element-b1907d1 elementor-widget-divider--view-line elementor-widget elementor-widget-divider\" data-id=\"b1907d1\" data-element_type=\"widget\" data-e-type=\"widget\" data-widget_type=\"divider.default\">\n\t\t\t\t<div class=\"elementor-widget-container\">\n\t\t\t\t\t\t\t<div class=\"elementor-divider\">\n\t\t\t<span class=\"elementor-divider-separator\">\n\t\t\t\t\t\t<\/span>\n\t\t<\/div>\n\t\t\t\t\t\t<\/div>\n\t\t\t\t<\/div>\n\t\t\t\t\t<\/div>\n\t\t<\/div>\n\t\t\t\t\t<\/div>\n\t\t<\/section>\n\t\t\t\t<section class=\"elementor-section elementor-top-section elementor-element elementor-element-1db86ebf elementor-section-boxed elementor-section-height-default elementor-section-height-default\" data-id=\"1db86ebf\" data-element_type=\"section\" data-e-type=\"section\">\n\t\t\t\t\t\t<div class=\"elementor-container elementor-column-gap-default\">\n\t\t\t\t\t<div class=\"elementor-column elementor-col-100 elementor-top-column elementor-element elementor-element-59580606\" data-id=\"59580606\" data-element_type=\"column\" data-e-type=\"column\">\n\t\t\t<div class=\"elementor-widget-wrap elementor-element-populated\">\n\t\t\t\t\t\t<div class=\"elementor-element elementor-element-4577483 elementor-widget elementor-widget-heading\" data-id=\"4577483\" data-element_type=\"widget\" data-e-type=\"widget\" data-widget_type=\"heading.default\">\n\t\t\t\t<div class=\"elementor-widget-container\">\n\t\t\t\t\t<h5 class=\"elementor-heading-title elementor-size-default\"><b>EUROCEM ABOUT US<\/b><\/h5>\t\t\t\t<\/div>\n\t\t\t\t<\/div>\n\t\t\t\t<div class=\"elementor-element elementor-element-3ac259a2 elementor-widget elementor-widget-text-editor\" data-id=\"3ac259a2\" data-element_type=\"widget\" data-e-type=\"widget\" data-widget_type=\"text-editor.default\">\n\t\t\t\t<div class=\"elementor-widget-container\">\n\t\t\t\t\t\t\t\t\t<p style=\"text-align: justify;\"><span style=\"color: #000000;\">\"EUROCEM\" is a foreign trade company founded in 2002, whose primary activity is the import and distribution of special cements and complementary raw materials in the field of construction and refractory industry.<\/span><\/p><p style=\"text-align: justify;\"><span style=\"color: #000000;\">By developing its activities in the regional market, EUROCEM has reached high standards of professionalism, thus becoming the exclusive partner and authorized distributor of world leaders in the field of production of special cements: CRH, OYAK, CALUCEM and IMERYS.<\/span><\/p><p>\u00a0<\/p><p><img fetchpriority=\"high\" decoding=\"async\" class=\"aligncenter wp-image-1080 size-full\" src=\"https:\/\/eurocem.rs\/wp-content\/uploads\/2022\/12\/aluminantni-cementi-02-720x412-1.jpg\" alt=\"Eurocem - Kalcijum \u2013 aliuminat cementi \u2013 brzovezuju\u0107i\" width=\"720\" height=\"412\" srcset=\"https:\/\/eurocem.rs\/wp-content\/uploads\/2022\/12\/aluminantni-cementi-02-720x412-1.jpg 720w, https:\/\/eurocem.rs\/wp-content\/uploads\/2022\/12\/aluminantni-cementi-02-720x412-1-300x172.jpg 300w\" sizes=\"(max-width: 720px) 100vw, 720px\" \/><\/p><p style=\"text-align: justify;\"><span style=\"color: #000000;\">The second segment of EUROCEM's business is related to the import and distribution of solid energy products \u2013 petroleum coke and energy coal, mainly for the needs of the cement and brick industry in the regional market. Within these activities, the company has achieved a strategic partnership with one of the world leaders in the field of solid energy trade \u2013 the company \"COECLERICI GROUP\" \u2013 Lugano, thanks to which it has direct access to the highest quality sources of these energy products, and thanks to this, EUROCEM has become one of the regional leaders in the distribution of petroleum coke and energy coal.\u00a0 <span style=\"color: #ffffff;\"><a style=\"color: #ffffff;\" href=\"https:\/\/eurocem.rs\/en\/\">po\u010detna<\/a><\/span> <span style=\"color: #ffffff;\"><a style=\"color: #ffffff;\" href=\"https:\/\/www.coeclerici.com\/\" target=\"_blank\" rel=\"noopener\">CG<\/a><\/span><br \/><\/span><\/p>\t\t\t\t\t\t\t\t<\/div>\n\t\t\t\t<\/div>\n\t\t\t\t\t<\/div>\n\t\t<\/div>\n\t\t\t\t\t<\/div>\n\t\t<\/section>\n\t\t\t\t<section class=\"elementor-section elementor-top-section elementor-element elementor-element-687dda5 elementor-section-boxed elementor-section-height-default elementor-section-height-default\" data-id=\"687dda5\" data-element_type=\"section\" data-e-type=\"section\">\n\t\t\t\t\t\t<div class=\"elementor-container elementor-column-gap-default\">\n\t\t\t\t\t<div class=\"elementor-column elementor-col-100 elementor-top-column elementor-element elementor-element-5e53954\" data-id=\"5e53954\" data-element_type=\"column\" data-e-type=\"column\">\n\t\t\t<div class=\"elementor-widget-wrap elementor-element-populated\">\n\t\t\t\t\t\t<div class=\"elementor-element elementor-element-375d29e elementor-widget-divider--view-line elementor-widget elementor-widget-divider\" data-id=\"375d29e\" data-element_type=\"widget\" data-e-type=\"widget\" data-widget_type=\"divider.default\">\n\t\t\t\t<div class=\"elementor-widget-container\">\n\t\t\t\t\t\t\t<div class=\"elementor-divider\">\n\t\t\t<span class=\"elementor-divider-separator\">\n\t\t\t\t\t\t<\/span>\n\t\t<\/div>\n\t\t\t\t\t\t<\/div>\n\t\t\t\t<\/div>\n\t\t\t\t\t<\/div>\n\t\t<\/div>\n\t\t\t\t\t<\/div>\n\t\t<\/section>\n\t\t\t\t<section class=\"elementor-section elementor-top-section elementor-element elementor-element-3154890 elementor-section-boxed elementor-section-height-default elementor-section-height-default\" data-id=\"3154890\" data-element_type=\"section\" data-e-type=\"section\">\n\t\t\t\t\t\t<div class=\"elementor-container elementor-column-gap-default\">\n\t\t\t\t\t<div class=\"elementor-column elementor-col-100 elementor-top-column elementor-element elementor-element-06173fe\" data-id=\"06173fe\" data-element_type=\"column\" data-e-type=\"column\">\n\t\t\t<div class=\"elementor-widget-wrap elementor-element-populated\">\n\t\t\t\t\t\t<section class=\"elementor-section elementor-inner-section elementor-element elementor-element-0342446 elementor-section-boxed elementor-section-height-default elementor-section-height-default\" data-id=\"0342446\" data-element_type=\"section\" data-e-type=\"section\">\n\t\t\t\t\t\t<div class=\"elementor-container elementor-column-gap-default\">\n\t\t\t\t\t<div class=\"elementor-column elementor-col-50 elementor-inner-column elementor-element elementor-element-a563a6a\" data-id=\"a563a6a\" data-element_type=\"column\" data-e-type=\"column\">\n\t\t\t<div class=\"elementor-widget-wrap elementor-element-populated\">\n\t\t\t\t\t\t<div class=\"elementor-element elementor-element-4409509 elementor-widget elementor-widget-heading\" data-id=\"4409509\" data-element_type=\"widget\" data-e-type=\"widget\" data-widget_type=\"heading.default\">\n\t\t\t\t<div class=\"elementor-widget-container\">\n\t\t\t\t\t<h2 class=\"elementor-heading-title elementor-size-default\">Where are we?<\/h2>\t\t\t\t<\/div>\n\t\t\t\t<\/div>\n\t\t\t\t<div class=\"elementor-element elementor-element-c430c06 elementor-widget elementor-widget-google_maps\" data-id=\"c430c06\" data-element_type=\"widget\" data-e-type=\"widget\" data-widget_type=\"google_maps.default\">\n\t\t\t\t<div class=\"elementor-widget-container\">\n\t\t\t\t\t\t\t<div class=\"elementor-custom-embed\">\n\t\t\t<iframe\n\t\t\t\t\tdata-src=\"https:\/\/maps.google.com\/maps?q=Eurocem&#038;t=m&#038;z=10&#038;output=embed&#038;iwloc=near\"\n\t\t\t\t\ttitle=\"Eurocem\"\n\t\t\t\t\taria-label=\"Eurocem\"\n\t\t\t src=\"data:image\/svg+xml;base64,PHN2ZyB3aWR0aD0iMSIgaGVpZ2h0PSIxIiB4bWxucz0iaHR0cDovL3d3dy53My5vcmcvMjAwMC9zdmciPjwvc3ZnPg==\" class=\"lazyload\" data-load-mode=\"1\"><\/iframe>\n\t\t<\/div>\n\t\t\t\t\t\t<\/div>\n\t\t\t\t<\/div>\n\t\t\t\t\t<\/div>\n\t\t<\/div>\n\t\t\t\t<div class=\"elementor-column elementor-col-50 elementor-inner-column elementor-element elementor-element-638010a\" data-id=\"638010a\" data-element_type=\"column\" data-e-type=\"column\">\n\t\t\t<div class=\"elementor-widget-wrap elementor-element-populated\">\n\t\t\t\t\t\t<div class=\"elementor-element elementor-element-57e2f4e elementor-widget elementor-widget-heading\" data-id=\"57e2f4e\" data-element_type=\"widget\" data-e-type=\"widget\" data-widget_type=\"heading.default\">\n\t\t\t\t<div class=\"elementor-widget-container\">\n\t\t\t\t\t<h2 class=\"elementor-heading-title elementor-size-default\">Contact<\/h2>\t\t\t\t<\/div>\n\t\t\t\t<\/div>\n\t\t\t\t<div class=\"elementor-element elementor-element-5d9aa21 elementor-widget elementor-widget-text-editor\" data-id=\"5d9aa21\" data-element_type=\"widget\" data-e-type=\"widget\" data-widget_type=\"text-editor.default\">\n\t\t\t\t<div class=\"elementor-widget-container\">\n\t\t\t\t\t\t\t\t\t<p><strong><span style=\"color: #293066;\">Phone: <\/span><\/strong><span style=\"color: #293066;\"><span style=\"color: #000000;\">0116149215<\/span><\/span><\/p><p><span style=\"color: #293066;\"><strong>Phone: <\/strong><\/span><span style=\"color: #000000;\">0116149208<\/span><\/p><p><span style=\"color: #293066;\"><strong>Phone: <\/strong><\/span><span style=\"color: #000000;\">0116149204<\/span><\/p><p><strong><span style=\"color: #293066;\">Email: <\/span><\/strong><span style=\"color: #000000;\">office@eurocem.rs<\/span><\/p><p><strong><span style=\"color: #293066;\">Address: <\/span><\/strong><span style=\"color: #000000;\">Milentija Popovi\u0107a 5V, 11000 Beograd<\/span><\/p>\t\t\t\t\t\t\t\t<\/div>\n\t\t\t\t<\/div>\n\t\t\t\t\t<\/div>\n\t\t<\/div>\n\t\t\t\t\t<\/div>\n\t\t<\/section>\n\t\t\t\t\t<\/div>\n\t\t<\/div>\n\t\t\t\t\t<\/div>\n\t\t<\/section>\n\t\t\t\t<\/div>","protected":false},"excerpt":{"rendered":"<p>EUROCEM O NAMA ,,EUROCEM\u201d je spoljno-trgovinska kompanija osnovana 2002. godine, kojoj je primarna delatnost uvoz i distribucija specijalnih cemenata i njima komplementarnih sirovina u oblasti gra\u0111evinarstva i industrije vatrostalnih materijala. Razvijaju\u0107i svoje aktivnosti na regionalnom tr\u017ei\u0161tu, na\u0161a kompanija je dostigla visoke standarde profesionalnosti, postav\u0161i na taj na\u010din ekskluzivni partner i ovla\u0161\u0107eni distributer svetskih lidera u &hellip; <\/p>\n<p class=\"link-more\"><a href=\"https:\/\/eurocem.rs\/en\/o-nama\/\" class=\"more-link\">Continue reading<span class=\"screen-reader-text\"> &#8222;EUROCEM O NAMA&#8220;<\/span><\/a><\/p>","protected":false},"author":1,"featured_media":0,"parent":0,"menu_order":0,"comment_status":"closed","ping_status":"closed","template":"elementor_header_footer","meta":{"footnotes":""},"class_list":["post-143","page","type-page","status-publish","hentry"],"yoast_head":"<!-- This site is optimized with the Yoast SEO plugin v27.4 - https:\/\/yoast.com\/product\/yoast-seo-wordpress\/ -->\n<title>Eurocem - O nama<\/title>\n<meta name=\"description\" content=\",,EUROCEM\u201d je spoljno-trgovinska kompanija osnovana 2002. godine, kojoj je primarna delatnost uvoz i distribucija specijalnih cemenata...\" \/>\n<meta name=\"robots\" content=\"index, follow, max-snippet:-1, max-image-preview:large, max-video-preview:-1\" \/>\n<link rel=\"canonical\" href=\"https:\/\/eurocem.rs\/en\/o-nama\/\" \/>\n<meta property=\"og:locale\" content=\"en_GB\" \/>\n<meta property=\"og:type\" content=\"article\" \/>\n<meta property=\"og:title\" content=\"Eurocem - O nama\" \/>\n<meta property=\"og:description\" content=\",,EUROCEM\u201d je spoljno-trgovinska kompanija osnovana 2002. godine, kojoj je primarna delatnost uvoz i distribucija specijalnih cemenata...\" \/>\n<meta property=\"og:url\" content=\"https:\/\/eurocem.rs\/en\/o-nama\/\" \/>\n<meta property=\"og:site_name\" content=\"Eurocem\" \/>\n<meta property=\"article:modified_time\" content=\"2023-02-10T13:03:20+00:00\" \/>\n<meta property=\"og:image\" content=\"https:\/\/eurocem.rs\/wp-content\/uploads\/2023\/01\/EUROCEM-BEOGRAD.jpg\" \/>\n\t<meta property=\"og:image:width\" content=\"1024\" \/>\n\t<meta property=\"og:image:height\" content=\"453\" \/>\n\t<meta property=\"og:image:type\" content=\"image\/jpeg\" \/>\n<meta name=\"twitter:card\" content=\"summary_large_image\" \/>\n<meta name=\"twitter:image\" content=\"https:\/\/eurocem.rs\/wp-content\/uploads\/2023\/01\/EUROCEM-BEOGRAD.jpg\" \/>\n<meta name=\"twitter:label1\" content=\"Estimated reading time\" \/>\n\t<meta name=\"twitter:data1\" content=\"1 minute\" \/>\n<script type=\"application\/ld+json\" class=\"yoast-schema-graph\">{\"@context\":\"https:\\\/\\\/schema.org\",\"@graph\":[{\"@type\":\"WebPage\",\"@id\":\"https:\\\/\\\/eurocem.rs\\\/o-nama\\\/\",\"url\":\"https:\\\/\\\/eurocem.rs\\\/o-nama\\\/\",\"name\":\"Eurocem - O nama\",\"isPartOf\":{\"@id\":\"https:\\\/\\\/eurocem.rs\\\/#website\"},\"primaryImageOfPage\":{\"@id\":\"https:\\\/\\\/eurocem.rs\\\/o-nama\\\/#primaryimage\"},\"image\":{\"@id\":\"https:\\\/\\\/eurocem.rs\\\/o-nama\\\/#primaryimage\"},\"thumbnailUrl\":\"https:\\\/\\\/eurocem.rs\\\/wp-content\\\/uploads\\\/2022\\\/12\\\/aluminantni-cementi-02-720x412-1.jpg\",\"datePublished\":\"2022-12-15T21:19:22+00:00\",\"dateModified\":\"2023-02-10T13:03:20+00:00\",\"description\":\",,EUROCEM\u201d je spoljno-trgovinska kompanija osnovana 2002. godine, kojoj je primarna delatnost uvoz i distribucija specijalnih cemenata...\",\"breadcrumb\":{\"@id\":\"https:\\\/\\\/eurocem.rs\\\/o-nama\\\/#breadcrumb\"},\"inLanguage\":\"en-GB\",\"potentialAction\":[{\"@type\":\"ReadAction\",\"target\":[\"https:\\\/\\\/eurocem.rs\\\/o-nama\\\/\"]}]},{\"@type\":\"ImageObject\",\"inLanguage\":\"en-GB\",\"@id\":\"https:\\\/\\\/eurocem.rs\\\/o-nama\\\/#primaryimage\",\"url\":\"https:\\\/\\\/eurocem.rs\\\/wp-content\\\/uploads\\\/2022\\\/12\\\/aluminantni-cementi-02-720x412-1.jpg\",\"contentUrl\":\"https:\\\/\\\/eurocem.rs\\\/wp-content\\\/uploads\\\/2022\\\/12\\\/aluminantni-cementi-02-720x412-1.jpg\"},{\"@type\":\"BreadcrumbList\",\"@id\":\"https:\\\/\\\/eurocem.rs\\\/o-nama\\\/#breadcrumb\",\"itemListElement\":[{\"@type\":\"ListItem\",\"position\":1,\"name\":\"Home\",\"item\":\"https:\\\/\\\/eurocem.rs\\\/\"},{\"@type\":\"ListItem\",\"position\":2,\"name\":\"EUROCEM O NAMA\"}]},{\"@type\":\"WebSite\",\"@id\":\"https:\\\/\\\/eurocem.rs\\\/#website\",\"url\":\"https:\\\/\\\/eurocem.rs\\\/\",\"name\":\"Eurocem\",\"description\":\"distribucija specijalnih cemenata\",\"publisher\":{\"@id\":\"https:\\\/\\\/eurocem.rs\\\/#organization\"},\"alternateName\":\"Beli cement\",\"potentialAction\":[{\"@type\":\"SearchAction\",\"target\":{\"@type\":\"EntryPoint\",\"urlTemplate\":\"https:\\\/\\\/eurocem.rs\\\/?s={search_term_string}\"},\"query-input\":{\"@type\":\"PropertyValueSpecification\",\"valueRequired\":true,\"valueName\":\"search_term_string\"}}],\"inLanguage\":\"en-GB\"},{\"@type\":\"Organization\",\"@id\":\"https:\\\/\\\/eurocem.rs\\\/#organization\",\"name\":\"Eurocem doo\",\"alternateName\":\"Beli cement\",\"url\":\"https:\\\/\\\/eurocem.rs\\\/\",\"logo\":{\"@type\":\"ImageObject\",\"inLanguage\":\"en-GB\",\"@id\":\"https:\\\/\\\/eurocem.rs\\\/#\\\/schema\\\/logo\\\/image\\\/\",\"url\":\"https:\\\/\\\/eurocem.rs\\\/wp-content\\\/uploads\\\/2022\\\/12\\\/cropped-eurocem-logo.png\",\"contentUrl\":\"https:\\\/\\\/eurocem.rs\\\/wp-content\\\/uploads\\\/2022\\\/12\\\/cropped-eurocem-logo.png\",\"width\":951,\"height\":250,\"caption\":\"Eurocem doo\"},\"image\":{\"@id\":\"https:\\\/\\\/eurocem.rs\\\/#\\\/schema\\\/logo\\\/image\\\/\"}}]}<\/script>\n<!-- \/ Yoast SEO plugin. -->","yoast_head_json":{"title":"Eurocem - O nama","description":",,EUROCEM\u201d je spoljno-trgovinska kompanija osnovana 2002. godine, kojoj je primarna delatnost uvoz i distribucija specijalnih cemenata...","robots":{"index":"index","follow":"follow","max-snippet":"max-snippet:-1","max-image-preview":"max-image-preview:large","max-video-preview":"max-video-preview:-1"},"canonical":"https:\/\/eurocem.rs\/en\/o-nama\/","og_locale":"en_GB","og_type":"article","og_title":"Eurocem - O nama","og_description":",,EUROCEM\u201d je spoljno-trgovinska kompanija osnovana 2002. godine, kojoj je primarna delatnost uvoz i distribucija specijalnih cemenata...","og_url":"https:\/\/eurocem.rs\/en\/o-nama\/","og_site_name":"Eurocem","article_modified_time":"2023-02-10T13:03:20+00:00","og_image":[{"width":1024,"height":453,"url":"https:\/\/eurocem.rs\/wp-content\/uploads\/2023\/01\/EUROCEM-BEOGRAD.jpg","type":"image\/jpeg"}],"twitter_card":"summary_large_image","twitter_image":"https:\/\/eurocem.rs\/wp-content\/uploads\/2023\/01\/EUROCEM-BEOGRAD.jpg","twitter_misc":{"Estimated reading time":"1 minute"},"schema":{"@context":"https:\/\/schema.org","@graph":[{"@type":"WebPage","@id":"https:\/\/eurocem.rs\/o-nama\/","url":"https:\/\/eurocem.rs\/o-nama\/","name":"Eurocem - O nama","isPartOf":{"@id":"https:\/\/eurocem.rs\/#website"},"primaryImageOfPage":{"@id":"https:\/\/eurocem.rs\/o-nama\/#primaryimage"},"image":{"@id":"https:\/\/eurocem.rs\/o-nama\/#primaryimage"},"thumbnailUrl":"https:\/\/eurocem.rs\/wp-content\/uploads\/2022\/12\/aluminantni-cementi-02-720x412-1.jpg","datePublished":"2022-12-15T21:19:22+00:00","dateModified":"2023-02-10T13:03:20+00:00","description":",,EUROCEM\u201d je spoljno-trgovinska kompanija osnovana 2002. godine, kojoj je primarna delatnost uvoz i distribucija specijalnih cemenata...","breadcrumb":{"@id":"https:\/\/eurocem.rs\/o-nama\/#breadcrumb"},"inLanguage":"en-GB","potentialAction":[{"@type":"ReadAction","target":["https:\/\/eurocem.rs\/o-nama\/"]}]},{"@type":"ImageObject","inLanguage":"en-GB","@id":"https:\/\/eurocem.rs\/o-nama\/#primaryimage","url":"https:\/\/eurocem.rs\/wp-content\/uploads\/2022\/12\/aluminantni-cementi-02-720x412-1.jpg","contentUrl":"https:\/\/eurocem.rs\/wp-content\/uploads\/2022\/12\/aluminantni-cementi-02-720x412-1.jpg"},{"@type":"BreadcrumbList","@id":"https:\/\/eurocem.rs\/o-nama\/#breadcrumb","itemListElement":[{"@type":"ListItem","position":1,"name":"Home","item":"https:\/\/eurocem.rs\/"},{"@type":"ListItem","position":2,"name":"EUROCEM O NAMA"}]},{"@type":"WebSite","@id":"https:\/\/eurocem.rs\/#website","url":"https:\/\/eurocem.rs\/","name":"Eurocem","description":"distribucija specijalnih cemenata","publisher":{"@id":"https:\/\/eurocem.rs\/#organization"},"alternateName":"Beli cement","potentialAction":[{"@type":"SearchAction","target":{"@type":"EntryPoint","urlTemplate":"https:\/\/eurocem.rs\/?s={search_term_string}"},"query-input":{"@type":"PropertyValueSpecification","valueRequired":true,"valueName":"search_term_string"}}],"inLanguage":"en-GB"},{"@type":"Organization","@id":"https:\/\/eurocem.rs\/#organization","name":"Eurocem doo","alternateName":"Beli cement","url":"https:\/\/eurocem.rs\/","logo":{"@type":"ImageObject","inLanguage":"en-GB","@id":"https:\/\/eurocem.rs\/#\/schema\/logo\/image\/","url":"https:\/\/eurocem.rs\/wp-content\/uploads\/2022\/12\/cropped-eurocem-logo.png","contentUrl":"https:\/\/eurocem.rs\/wp-content\/uploads\/2022\/12\/cropped-eurocem-logo.png","width":951,"height":250,"caption":"Eurocem doo"},"image":{"@id":"https:\/\/eurocem.rs\/#\/schema\/logo\/image\/"}}]}},"_links":{"self":[{"href":"https:\/\/eurocem.rs\/en\/wp-json\/wp\/v2\/pages\/143","targetHints":{"allow":["GET"]}}],"collection":[{"href":"https:\/\/eurocem.rs\/en\/wp-json\/wp\/v2\/pages"}],"about":[{"href":"https:\/\/eurocem.rs\/en\/wp-json\/wp\/v2\/types\/page"}],"author":[{"embeddable":true,"href":"https:\/\/eurocem.rs\/en\/wp-json\/wp\/v2\/users\/1"}],"replies":[{"embeddable":true,"href":"https:\/\/eurocem.rs\/en\/wp-json\/wp\/v2\/comments?post=143"}],"version-history":[{"count":18,"href":"https:\/\/eurocem.rs\/en\/wp-json\/wp\/v2\/pages\/143\/revisions"}],"predecessor-version":[{"id":1991,"href":"https:\/\/eurocem.rs\/en\/wp-json\/wp\/v2\/pages\/143\/revisions\/1991"}],"wp:attachment":[{"href":"https:\/\/eurocem.rs\/en\/wp-json\/wp\/v2\/media?parent=143"}],"curies":[{"name":"wp","href":"https:\/\/api.w.org\/{rel}","templated":true}]}}