{"id":166,"date":"2022-12-16T19:48:16","date_gmt":"2022-12-16T18:48:16","guid":{"rendered":"https:\/\/eurocem.rs\/?page_id=166"},"modified":"2023-02-10T14:41:48","modified_gmt":"2023-02-10T13:41:48","slug":"kontakt","status":"publish","type":"page","link":"https:\/\/eurocem.rs\/en\/kontakt\/","title":{"rendered":"Contact"},"content":{"rendered":"<div data-elementor-type=\"wp-page\" data-elementor-id=\"166\" class=\"elementor elementor-166\">\n\t\t\t\t\t\t<section class=\"elementor-section elementor-top-section elementor-element elementor-element-9cd58bf elementor-section-boxed elementor-section-height-default elementor-section-height-default\" data-id=\"9cd58bf\" data-element_type=\"section\" data-e-type=\"section\">\n\t\t\t\t\t\t<div class=\"elementor-container elementor-column-gap-default\">\n\t\t\t\t\t<div class=\"elementor-column elementor-col-100 elementor-top-column elementor-element elementor-element-a3bb5ba\" data-id=\"a3bb5ba\" data-element_type=\"column\" data-e-type=\"column\">\n\t\t\t<div class=\"elementor-widget-wrap elementor-element-populated\">\n\t\t\t\t\t\t<div class=\"elementor-element elementor-element-fa854de elementor-widget-divider--view-line elementor-widget elementor-widget-divider\" data-id=\"fa854de\" data-element_type=\"widget\" data-e-type=\"widget\" data-widget_type=\"divider.default\">\n\t\t\t\t<div class=\"elementor-widget-container\">\n\t\t\t\t\t\t\t<div class=\"elementor-divider\">\n\t\t\t<span class=\"elementor-divider-separator\">\n\t\t\t\t\t\t<\/span>\n\t\t<\/div>\n\t\t\t\t\t\t<\/div>\n\t\t\t\t<\/div>\n\t\t\t\t\t<\/div>\n\t\t<\/div>\n\t\t\t\t\t<\/div>\n\t\t<\/section>\n\t\t\t\t<section class=\"elementor-section elementor-top-section elementor-element elementor-element-281f861 elementor-section-boxed elementor-section-height-default elementor-section-height-default\" data-id=\"281f861\" data-element_type=\"section\" data-e-type=\"section\">\n\t\t\t\t\t\t<div class=\"elementor-container elementor-column-gap-default\">\n\t\t\t\t\t<div class=\"elementor-column elementor-col-100 elementor-top-column elementor-element elementor-element-0a1e879\" data-id=\"0a1e879\" data-element_type=\"column\" data-e-type=\"column\">\n\t\t\t<div class=\"elementor-widget-wrap elementor-element-populated\">\n\t\t\t\t\t\t<div class=\"elementor-element elementor-element-1f6d406 elementor-widget elementor-widget-heading\" data-id=\"1f6d406\" data-element_type=\"widget\" data-e-type=\"widget\" data-widget_type=\"heading.default\">\n\t\t\t\t<div class=\"elementor-widget-container\">\n\t\t\t\t\t<h4 class=\"elementor-heading-title elementor-size-default\"><b>EUROCEM CONTACT<\/b><\/h4>\t\t\t\t<\/div>\n\t\t\t\t<\/div>\n\t\t\t\t\t<\/div>\n\t\t<\/div>\n\t\t\t\t\t<\/div>\n\t\t<\/section>\n\t\t\t\t<section class=\"elementor-section elementor-top-section elementor-element elementor-element-628e298 elementor-section-boxed elementor-section-height-default elementor-section-height-default\" data-id=\"628e298\" data-element_type=\"section\" data-e-type=\"section\">\n\t\t\t\t\t\t<div class=\"elementor-container elementor-column-gap-default\">\n\t\t\t\t\t<div class=\"elementor-column elementor-col-100 elementor-top-column elementor-element elementor-element-3c66969\" data-id=\"3c66969\" data-element_type=\"column\" data-e-type=\"column\">\n\t\t\t<div class=\"elementor-widget-wrap elementor-element-populated\">\n\t\t\t\t\t\t<div class=\"elementor-element elementor-element-3d060dd elementor-widget elementor-widget-text-editor\" data-id=\"3d060dd\" data-element_type=\"widget\" data-e-type=\"widget\" data-widget_type=\"text-editor.default\">\n\t\t\t\t<div class=\"elementor-widget-container\">\n\t\t\t\t\t\t\t\t\t<p style=\"text-align: justify;\"><span style=\"color: #000000;\">If you want to ask a question, send us a review\/ praise, offer or ask for cooperation, feel free to contact us in the way that suits you best!<\/span><\/p>\t\t\t\t\t\t\t\t<\/div>\n\t\t\t\t<\/div>\n\t\t\t\t\t<\/div>\n\t\t<\/div>\n\t\t\t\t\t<\/div>\n\t\t<\/section>\n\t\t\t\t<section class=\"elementor-section elementor-top-section elementor-element elementor-element-6777c94 elementor-section-boxed elementor-section-height-default elementor-section-height-default\" data-id=\"6777c94\" data-element_type=\"section\" data-e-type=\"section\">\n\t\t\t\t\t\t<div class=\"elementor-container elementor-column-gap-default\">\n\t\t\t\t\t<div class=\"elementor-column elementor-col-100 elementor-top-column elementor-element elementor-element-27670ea\" data-id=\"27670ea\" data-element_type=\"column\" data-e-type=\"column\">\n\t\t\t<div class=\"elementor-widget-wrap elementor-element-populated\">\n\t\t\t\t\t\t<div class=\"elementor-element elementor-element-a060008 elementor-widget elementor-widget-shortcode\" data-id=\"a060008\" data-element_type=\"widget\" data-e-type=\"widget\" data-widget_type=\"shortcode.default\">\n\t\t\t\t<div class=\"elementor-widget-container\">\n\t\t\t\t\t\t\t<div class=\"elementor-shortcode\">\n<div class=\"wpcf7 no-js\" id=\"wpcf7-f375-o1\" lang=\"en-US\" dir=\"ltr\" data-wpcf7-id=\"375\">\n<div class=\"screen-reader-response\"><p role=\"status\" aria-live=\"polite\" aria-atomic=\"true\"><\/p> <ul><\/ul><\/div>\n<form action=\"\/en\/wp-json\/wp\/v2\/pages\/166#wpcf7-f375-o1\" method=\"post\" class=\"wpcf7-form init\" aria-label=\"Contact form\" novalidate=\"novalidate\" data-status=\"init\" data-trp-original-action=\"\/en\/wp-json\/wp\/v2\/pages\/166#wpcf7-f375-o1\">\n<fieldset class=\"hidden-fields-container\"><input type=\"hidden\" name=\"_wpcf7\" value=\"375\" \/><input type=\"hidden\" name=\"_wpcf7_version\" value=\"6.1.5\" \/><input type=\"hidden\" name=\"_wpcf7_locale\" value=\"en_US\" \/><input type=\"hidden\" name=\"_wpcf7_unit_tag\" value=\"wpcf7-f375-o1\" \/><input type=\"hidden\" name=\"_wpcf7_container_post\" value=\"0\" \/><input type=\"hidden\" name=\"_wpcf7_posted_data_hash\" value=\"\" \/>\n<\/fieldset>\n<p><label> Your name:<br \/>\n<span class=\"wpcf7-form-control-wrap\" data-name=\"your-name\"><input size=\"40\" maxlength=\"400\" class=\"wpcf7-form-control wpcf7-text wpcf7-validates-as-required\" autocomplete=\"name\" aria-required=\"true\" aria-invalid=\"false\" value=\"\" type=\"text\" name=\"your-name\" \/><\/span> <\/label>\n<\/p>\n<p><label> Email:<br \/>\n<span class=\"wpcf7-form-control-wrap\" data-name=\"your-email\"><input size=\"40\" maxlength=\"400\" class=\"wpcf7-form-control wpcf7-email wpcf7-validates-as-required wpcf7-text wpcf7-validates-as-email\" autocomplete=\"email\" aria-required=\"true\" aria-invalid=\"false\" value=\"\" type=\"email\" name=\"your-email\" \/><\/span> <\/label>\n<\/p>\n<p><label> Subject:<br \/>\n<span class=\"wpcf7-form-control-wrap\" data-name=\"your-subject\"><input size=\"40\" maxlength=\"400\" class=\"wpcf7-form-control wpcf7-text wpcf7-validates-as-required\" aria-required=\"true\" aria-invalid=\"false\" value=\"\" type=\"text\" name=\"your-subject\" \/><\/span> <\/label>\n<\/p>\n<p><label> Message:<br \/>\n<span class=\"wpcf7-form-control-wrap\" data-name=\"your-message\"><textarea cols=\"40\" rows=\"10\" maxlength=\"2000\" class=\"wpcf7-form-control wpcf7-textarea\" aria-invalid=\"false\" name=\"your-message\"><\/textarea><\/span> <\/label>\n<\/p>\n<p><input class=\"wpcf7-form-control wpcf7-submit has-spinner\" type=\"submit\" value=\"Send\" \/>\n<\/p><p style=\"display: none !important;\" class=\"akismet-fields-container\" data-prefix=\"_wpcf7_ak_\"><label>&#916;<textarea name=\"_wpcf7_ak_hp_textarea\" cols=\"45\" rows=\"8\" maxlength=\"100\"><\/textarea><\/label><input type=\"hidden\" id=\"ak_js_1\" name=\"_wpcf7_ak_js\" value=\"96\"\/><script>document.getElementById( \"ak_js_1\" ).setAttribute( \"value\", ( new Date() ).getTime() );<\/script><\/p><div class=\"wpcf7-response-output\" aria-hidden=\"true\"><\/div>\n<input type=\"hidden\" name=\"trp-form-language\" value=\"en\"\/><\/form>\n<\/div>\n<\/div>\n\t\t\t\t\t\t<\/div>\n\t\t\t\t<\/div>\n\t\t\t\t\t<\/div>\n\t\t<\/div>\n\t\t\t\t\t<\/div>\n\t\t<\/section>\n\t\t\t\t<section class=\"elementor-section elementor-top-section elementor-element elementor-element-683a3fb elementor-section-boxed elementor-section-height-default elementor-section-height-default\" data-id=\"683a3fb\" data-element_type=\"section\" data-e-type=\"section\">\n\t\t\t\t\t\t<div class=\"elementor-container elementor-column-gap-default\">\n\t\t\t\t\t<div class=\"elementor-column elementor-col-100 elementor-top-column elementor-element elementor-element-5936227\" data-id=\"5936227\" data-element_type=\"column\" data-e-type=\"column\">\n\t\t\t<div class=\"elementor-widget-wrap elementor-element-populated\">\n\t\t\t\t\t\t<div class=\"elementor-element elementor-element-0ba3647 elementor-widget-divider--view-line elementor-widget elementor-widget-divider\" data-id=\"0ba3647\" data-element_type=\"widget\" data-e-type=\"widget\" data-widget_type=\"divider.default\">\n\t\t\t\t<div class=\"elementor-widget-container\">\n\t\t\t\t\t\t\t<div class=\"elementor-divider\">\n\t\t\t<span class=\"elementor-divider-separator\">\n\t\t\t\t\t\t<\/span>\n\t\t<\/div>\n\t\t\t\t\t\t<\/div>\n\t\t\t\t<\/div>\n\t\t\t\t\t<\/div>\n\t\t<\/div>\n\t\t\t\t\t<\/div>\n\t\t<\/section>\n\t\t\t\t<section class=\"elementor-section elementor-top-section elementor-element elementor-element-a6cb82b elementor-section-boxed elementor-section-height-default elementor-section-height-default\" data-id=\"a6cb82b\" data-element_type=\"section\" data-e-type=\"section\">\n\t\t\t\t\t\t<div class=\"elementor-container elementor-column-gap-default\">\n\t\t\t\t\t<div class=\"elementor-column elementor-col-50 elementor-top-column elementor-element elementor-element-a4dc794\" data-id=\"a4dc794\" data-element_type=\"column\" data-e-type=\"column\">\n\t\t\t<div class=\"elementor-widget-wrap elementor-element-populated\">\n\t\t\t\t\t\t<div class=\"elementor-element elementor-element-c809a56 elementor-widget elementor-widget-heading\" data-id=\"c809a56\" data-element_type=\"widget\" data-e-type=\"widget\" data-widget_type=\"heading.default\">\n\t\t\t\t<div class=\"elementor-widget-container\">\n\t\t\t\t\t<h2 class=\"elementor-heading-title elementor-size-default\">Where are we?<\/h2>\t\t\t\t<\/div>\n\t\t\t\t<\/div>\n\t\t\t\t<div class=\"elementor-element elementor-element-a8e9195 elementor-widget elementor-widget-google_maps\" data-id=\"a8e9195\" data-element_type=\"widget\" data-e-type=\"widget\" data-widget_type=\"google_maps.default\">\n\t\t\t\t<div class=\"elementor-widget-container\">\n\t\t\t\t\t\t\t<div class=\"elementor-custom-embed\">\n\t\t\t<iframe\n\t\t\t\t\tdata-src=\"https:\/\/maps.google.com\/maps?q=Eurocem&#038;t=m&#038;z=13&#038;output=embed&#038;iwloc=near\"\n\t\t\t\t\ttitle=\"Eurocem\"\n\t\t\t\t\taria-label=\"Eurocem\"\n\t\t\t src=\"data:image\/svg+xml;base64,PHN2ZyB3aWR0aD0iMSIgaGVpZ2h0PSIxIiB4bWxucz0iaHR0cDovL3d3dy53My5vcmcvMjAwMC9zdmciPjwvc3ZnPg==\" class=\"lazyload\" data-load-mode=\"1\"><\/iframe>\n\t\t<\/div>\n\t\t\t\t\t\t<\/div>\n\t\t\t\t<\/div>\n\t\t\t\t\t<\/div>\n\t\t<\/div>\n\t\t\t\t<div class=\"elementor-column elementor-col-50 elementor-top-column elementor-element elementor-element-91ab1f9\" data-id=\"91ab1f9\" data-element_type=\"column\" data-e-type=\"column\">\n\t\t\t<div class=\"elementor-widget-wrap elementor-element-populated\">\n\t\t\t\t\t\t<div class=\"elementor-element elementor-element-f7f24c2 elementor-widget elementor-widget-heading\" data-id=\"f7f24c2\" data-element_type=\"widget\" data-e-type=\"widget\" data-widget_type=\"heading.default\">\n\t\t\t\t<div class=\"elementor-widget-container\">\n\t\t\t\t\t<h2 class=\"elementor-heading-title elementor-size-default\">Contact<\/h2>\t\t\t\t<\/div>\n\t\t\t\t<\/div>\n\t\t\t\t<div class=\"elementor-element elementor-element-7d276ba elementor-widget elementor-widget-text-editor\" data-id=\"7d276ba\" data-element_type=\"widget\" data-e-type=\"widget\" data-widget_type=\"text-editor.default\">\n\t\t\t\t<div class=\"elementor-widget-container\">\n\t\t\t\t\t\t\t\t\t<p><strong><span style=\"color: #293066;\">Phone: <\/span><\/strong><span style=\"color: #293066;\"><span style=\"color: #000000;\">0116149215<\/span><\/span><\/p><p><span style=\"color: #293066;\"><strong>Phone: <\/strong><\/span><span style=\"color: #000000;\">0116149208<\/span><\/p><p><span style=\"color: #293066;\"><strong>Phone: <\/strong><\/span><span style=\"color: #000000;\">0116149204<\/span><\/p><p><strong><span style=\"color: #293066;\">Email: <\/span><\/strong><span style=\"color: #000000;\">office@eurocem.rs<\/span><\/p><p><strong><span style=\"color: #293066;\">Address: <\/span><\/strong><span style=\"color: #000000;\">Milentija Popovi\u0107a 5V, 11000 Beograd<\/span><\/p>\t\t\t\t\t\t\t\t<\/div>\n\t\t\t\t<\/div>\n\t\t\t\t\t<\/div>\n\t\t<\/div>\n\t\t\t\t\t<\/div>\n\t\t<\/section>\n\t\t\t\t<section class=\"elementor-section elementor-top-section elementor-element elementor-element-0f04298 elementor-section-boxed elementor-section-height-default elementor-section-height-default\" data-id=\"0f04298\" data-element_type=\"section\" data-e-type=\"section\">\n\t\t\t\t\t\t<div class=\"elementor-container elementor-column-gap-default\">\n\t\t\t\t\t<div class=\"elementor-column elementor-col-100 elementor-top-column elementor-element elementor-element-7897044\" data-id=\"7897044\" data-element_type=\"column\" data-e-type=\"column\">\n\t\t\t<div class=\"elementor-widget-wrap\">\n\t\t\t\t\t\t\t<\/div>\n\t\t<\/div>\n\t\t\t\t\t<\/div>\n\t\t<\/section>\n\t\t\t\t<\/div>","protected":false},"excerpt":{"rendered":"<p>EUROCEM KONTAKT Ukoliko \u017eelite da nam postavite neko pitanje, po\u0161aljete kritiku\/pohvalu, ponudite ili zatr\u017eite saradnju, budite slobodni da nas kontaktirate ba\u0161 na na\u010din koji vam najvi\u0161e odgovara! Gde se nalazimo? Kontakt Telefon: 0116149215 Telefon: 0116149208 Telefon: 0116149204 Email: office@eurocem.rs Adresa: Milentija Popovi\u0107a 5V, 11000 Beograd<\/p>","protected":false},"author":1,"featured_media":0,"parent":0,"menu_order":0,"comment_status":"closed","ping_status":"closed","template":"elementor_header_footer","meta":{"footnotes":""},"class_list":["post-166","page","type-page","status-publish","hentry"],"yoast_head":"<!-- This site is optimized with the Yoast SEO plugin v27.4 - https:\/\/yoast.com\/product\/yoast-seo-wordpress\/ -->\n<title>Kontakt - Eurocem<\/title>\n<meta name=\"description\" content=\"EUROCEM KONTAKT Ukoliko \u017eelite da nam postavite neko pitanje, po\u0161aljete kritiku\/pohvalu, ponudite ili zatr\u017eite saradnju, budite slobodni da nas\" \/>\n<meta name=\"robots\" content=\"index, follow, max-snippet:-1, max-image-preview:large, max-video-preview:-1\" \/>\n<link rel=\"canonical\" href=\"https:\/\/eurocem.rs\/en\/kontakt\/\" \/>\n<meta property=\"og:locale\" content=\"en_GB\" \/>\n<meta property=\"og:type\" content=\"article\" \/>\n<meta property=\"og:title\" content=\"Kontakt - Eurocem\" \/>\n<meta property=\"og:description\" content=\"EUROCEM KONTAKT Ukoliko \u017eelite da nam postavite neko pitanje, po\u0161aljete kritiku\/pohvalu, ponudite ili zatr\u017eite saradnju, budite slobodni da nas\" \/>\n<meta property=\"og:url\" content=\"https:\/\/eurocem.rs\/en\/kontakt\/\" \/>\n<meta property=\"og:site_name\" content=\"Eurocem\" \/>\n<meta property=\"article:modified_time\" content=\"2023-02-10T13:41:48+00:00\" \/>\n<meta name=\"twitter:card\" content=\"summary_large_image\" \/>\n<meta name=\"twitter:label1\" content=\"Estimated reading time\" \/>\n\t<meta name=\"twitter:data1\" content=\"1 minute\" \/>\n<script type=\"application\/ld+json\" class=\"yoast-schema-graph\">{\"@context\":\"https:\\\/\\\/schema.org\",\"@graph\":[{\"@type\":\"WebPage\",\"@id\":\"https:\\\/\\\/eurocem.rs\\\/kontakt\\\/\",\"url\":\"https:\\\/\\\/eurocem.rs\\\/kontakt\\\/\",\"name\":\"Kontakt - Eurocem\",\"isPartOf\":{\"@id\":\"https:\\\/\\\/eurocem.rs\\\/#website\"},\"datePublished\":\"2022-12-16T18:48:16+00:00\",\"dateModified\":\"2023-02-10T13:41:48+00:00\",\"description\":\"EUROCEM KONTAKT Ukoliko \u017eelite da nam postavite neko pitanje, po\u0161aljete kritiku\\\/pohvalu, ponudite ili zatr\u017eite saradnju, budite slobodni da nas\",\"breadcrumb\":{\"@id\":\"https:\\\/\\\/eurocem.rs\\\/kontakt\\\/#breadcrumb\"},\"inLanguage\":\"en-GB\",\"potentialAction\":[{\"@type\":\"ReadAction\",\"target\":[\"https:\\\/\\\/eurocem.rs\\\/kontakt\\\/\"]}]},{\"@type\":\"BreadcrumbList\",\"@id\":\"https:\\\/\\\/eurocem.rs\\\/kontakt\\\/#breadcrumb\",\"itemListElement\":[{\"@type\":\"ListItem\",\"position\":1,\"name\":\"Home\",\"item\":\"https:\\\/\\\/eurocem.rs\\\/\"},{\"@type\":\"ListItem\",\"position\":2,\"name\":\"Kontakt\"}]},{\"@type\":\"WebSite\",\"@id\":\"https:\\\/\\\/eurocem.rs\\\/#website\",\"url\":\"https:\\\/\\\/eurocem.rs\\\/\",\"name\":\"Eurocem\",\"description\":\"distribucija specijalnih cemenata\",\"publisher\":{\"@id\":\"https:\\\/\\\/eurocem.rs\\\/#organization\"},\"alternateName\":\"Beli cement\",\"potentialAction\":[{\"@type\":\"SearchAction\",\"target\":{\"@type\":\"EntryPoint\",\"urlTemplate\":\"https:\\\/\\\/eurocem.rs\\\/?s={search_term_string}\"},\"query-input\":{\"@type\":\"PropertyValueSpecification\",\"valueRequired\":true,\"valueName\":\"search_term_string\"}}],\"inLanguage\":\"en-GB\"},{\"@type\":\"Organization\",\"@id\":\"https:\\\/\\\/eurocem.rs\\\/#organization\",\"name\":\"Eurocem doo\",\"alternateName\":\"Beli cement\",\"url\":\"https:\\\/\\\/eurocem.rs\\\/\",\"logo\":{\"@type\":\"ImageObject\",\"inLanguage\":\"en-GB\",\"@id\":\"https:\\\/\\\/eurocem.rs\\\/#\\\/schema\\\/logo\\\/image\\\/\",\"url\":\"https:\\\/\\\/eurocem.rs\\\/wp-content\\\/uploads\\\/2022\\\/12\\\/cropped-eurocem-logo.png\",\"contentUrl\":\"https:\\\/\\\/eurocem.rs\\\/wp-content\\\/uploads\\\/2022\\\/12\\\/cropped-eurocem-logo.png\",\"width\":951,\"height\":250,\"caption\":\"Eurocem doo\"},\"image\":{\"@id\":\"https:\\\/\\\/eurocem.rs\\\/#\\\/schema\\\/logo\\\/image\\\/\"}}]}<\/script>\n<!-- \/ Yoast SEO plugin. -->","yoast_head_json":{"title":"Kontakt - Eurocem","description":"EUROCEM KONTAKT Ukoliko \u017eelite da nam postavite neko pitanje, po\u0161aljete kritiku\/pohvalu, ponudite ili zatr\u017eite saradnju, budite slobodni da nas","robots":{"index":"index","follow":"follow","max-snippet":"max-snippet:-1","max-image-preview":"max-image-preview:large","max-video-preview":"max-video-preview:-1"},"canonical":"https:\/\/eurocem.rs\/en\/kontakt\/","og_locale":"en_GB","og_type":"article","og_title":"Kontakt - Eurocem","og_description":"EUROCEM KONTAKT Ukoliko \u017eelite da nam postavite neko pitanje, po\u0161aljete kritiku\/pohvalu, ponudite ili zatr\u017eite saradnju, budite slobodni da nas","og_url":"https:\/\/eurocem.rs\/en\/kontakt\/","og_site_name":"Eurocem","article_modified_time":"2023-02-10T13:41:48+00:00","twitter_card":"summary_large_image","twitter_misc":{"Estimated reading time":"1 minute"},"schema":{"@context":"https:\/\/schema.org","@graph":[{"@type":"WebPage","@id":"https:\/\/eurocem.rs\/kontakt\/","url":"https:\/\/eurocem.rs\/kontakt\/","name":"Kontakt - Eurocem","isPartOf":{"@id":"https:\/\/eurocem.rs\/#website"},"datePublished":"2022-12-16T18:48:16+00:00","dateModified":"2023-02-10T13:41:48+00:00","description":"EUROCEM KONTAKT Ukoliko \u017eelite da nam postavite neko pitanje, po\u0161aljete kritiku\/pohvalu, ponudite ili zatr\u017eite saradnju, budite slobodni da nas","breadcrumb":{"@id":"https:\/\/eurocem.rs\/kontakt\/#breadcrumb"},"inLanguage":"en-GB","potentialAction":[{"@type":"ReadAction","target":["https:\/\/eurocem.rs\/kontakt\/"]}]},{"@type":"BreadcrumbList","@id":"https:\/\/eurocem.rs\/kontakt\/#breadcrumb","itemListElement":[{"@type":"ListItem","position":1,"name":"Home","item":"https:\/\/eurocem.rs\/"},{"@type":"ListItem","position":2,"name":"Kontakt"}]},{"@type":"WebSite","@id":"https:\/\/eurocem.rs\/#website","url":"https:\/\/eurocem.rs\/","name":"Eurocem","description":"distribucija specijalnih cemenata","publisher":{"@id":"https:\/\/eurocem.rs\/#organization"},"alternateName":"Beli cement","potentialAction":[{"@type":"SearchAction","target":{"@type":"EntryPoint","urlTemplate":"https:\/\/eurocem.rs\/?s={search_term_string}"},"query-input":{"@type":"PropertyValueSpecification","valueRequired":true,"valueName":"search_term_string"}}],"inLanguage":"en-GB"},{"@type":"Organization","@id":"https:\/\/eurocem.rs\/#organization","name":"Eurocem doo","alternateName":"Beli cement","url":"https:\/\/eurocem.rs\/","logo":{"@type":"ImageObject","inLanguage":"en-GB","@id":"https:\/\/eurocem.rs\/#\/schema\/logo\/image\/","url":"https:\/\/eurocem.rs\/wp-content\/uploads\/2022\/12\/cropped-eurocem-logo.png","contentUrl":"https:\/\/eurocem.rs\/wp-content\/uploads\/2022\/12\/cropped-eurocem-logo.png","width":951,"height":250,"caption":"Eurocem doo"},"image":{"@id":"https:\/\/eurocem.rs\/#\/schema\/logo\/image\/"}}]}},"_links":{"self":[{"href":"https:\/\/eurocem.rs\/en\/wp-json\/wp\/v2\/pages\/166","targetHints":{"allow":["GET"]}}],"collection":[{"href":"https:\/\/eurocem.rs\/en\/wp-json\/wp\/v2\/pages"}],"about":[{"href":"https:\/\/eurocem.rs\/en\/wp-json\/wp\/v2\/types\/page"}],"author":[{"embeddable":true,"href":"https:\/\/eurocem.rs\/en\/wp-json\/wp\/v2\/users\/1"}],"replies":[{"embeddable":true,"href":"https:\/\/eurocem.rs\/en\/wp-json\/wp\/v2\/comments?post=166"}],"version-history":[{"count":6,"href":"https:\/\/eurocem.rs\/en\/wp-json\/wp\/v2\/pages\/166\/revisions"}],"predecessor-version":[{"id":2018,"href":"https:\/\/eurocem.rs\/en\/wp-json\/wp\/v2\/pages\/166\/revisions\/2018"}],"wp:attachment":[{"href":"https:\/\/eurocem.rs\/en\/wp-json\/wp\/v2\/media?parent=166"}],"curies":[{"name":"wp","href":"https:\/\/api.w.org\/{rel}","templated":true}]}}